{"id":7300,"date":"2026-03-25T11:54:54","date_gmt":"2026-03-25T11:54:54","guid":{"rendered":"https:\/\/maksimumajans.com\/?page_id=7300"},"modified":"2026-03-25T11:54:54","modified_gmt":"2026-03-25T11:54:54","slug":"izmir-sube","status":"publish","type":"page","link":"https:\/\/maksimumajans.com\/en\/izmir-branch\/","title":{"rendered":"Izmir Branch"},"content":{"rendered":"<section class=\"wpb-content-wrapper\"><div class=\"vc_row wpb_row vc_row-fluid vc_custom_1709214219141\"><div class=\"wpb_column vc_column_container vc_col-sm-6\"><div class=\"vc_column-inner\"><div class=\"wpb_wrapper\"><div id=\"ultimate-heading-418069df019a6e0a7\" class=\"uvc-heading ult-adjust-bottom-margin ultimate-heading-418069df019a6e0a7 uvc-8510\" data-hspacer=\"line_only\"  data-halign=\"left\" style=\"text-align:left\"><div class=\"uvc-main-heading ult-responsive\"  data-ultimate-target='.uvc-heading.ultimate-heading-418069df019a6e0a7 h2'  data-responsive-json-new='{\"font-size\":\"desktop:25px;\",\"line-height\":\"desktop:23px;\"}' ><h2 style=\"font-family:&#039;Fira Sans Extra Condensed&#039;;font-weight:500;color:rgba(17,17,17,0.35);\">MAKS\u0130MUM AJANS \/ \u0130ZM\u0130R \u015eUBE<\/h2><\/div><div class=\"uvc-sub-heading ult-responsive\"  data-ultimate-target='.uvc-heading.ultimate-heading-418069df019a6e0a7 .uvc-sub-heading '  data-responsive-json-new='{\"font-size\":\"desktop:48px;\",\"line-height\":\"desktop:64px;\"}'  style=\"font-family:&#039;Fira Sans Extra Condensed&#039;;font-weight:700;color:#111111;margin-top:10px;margin-bottom:20px;\"><span id=\"result_box\" class=\"short_text\" lang=\"en\"><span class=\"\">CONTACT US<\/span><\/span><\/div><div class=\"uvc-heading-spacer line_only\" style=\"margin-bottom:30px;height:5px;\"><span class=\"uvc-headings-line\" style=\"border-style:solid;border-bottom-width:5px;border-color:#ed2525;width:50px;\"><\/span><\/div><\/div>\n\t<div class=\"wpb_text_column wpb_content_element\" >\n\t\t<div class=\"wpb_wrapper\">\n\t\t\t<p><strong><span style=\"font-size: 1.3em; font-family: Fira Sans Extra Condensed;\"><span id=\"result_box\" class=\"\" lang=\"en\"><span class=\"\">Your thoughts are very important for us to improve ourselves. You can contact us using this form for all your requests, positive and negative criticisms and to create an offer. Thank you for your interest and trust.<\/span><\/span><\/span><\/strong><\/p>\n<h4><span style=\"color: #ff0132;\">Maximum Agency<\/span><\/h4>\n<p><span style=\"color: #333333;\"><strong>Gazi Mustafa Kemal Pa\u015fa mah. Country Plus Sitesi, B Blok No 1, Seyrek, Menemen, \u0130zmir\u00a0<\/strong><\/span><\/p>\n<p><a href=\"tel: 908508113684\"><span style=\"color: #000000;\">+90 <span aria-label=\"0850 811 3684 Numaral\u0131 Telefonu Ara\">850 811 3684<\/span><\/span><\/a><\/p>\n<p><span style=\"color: #333333;\"><strong><a style=\"color: #333333;\" href=\"mailto:info@maksimumajans.com\">info@maksimumajans.com<\/a><\/strong><\/span><\/p>\n\n\t\t<\/div>\n\t<\/div>\n<\/div><\/div><\/div><div class=\"wpb_column vc_column_container vc_col-sm-6\" id=\"form\"><div class=\"vc_column-inner vc_custom_1658481409974\"><div class=\"wpb_wrapper\">\n<div class=\"wpcf7 no-js\" id=\"wpcf7-f576-o1\" lang=\"en-US\" dir=\"ltr\" data-wpcf7-id=\"576\">\n<div class=\"screen-reader-response\"><p role=\"status\" aria-live=\"polite\" aria-atomic=\"true\"><\/p> <ul><\/ul><\/div>\n<form action=\"\/wp-json\/wp\/v2\/pages\/7300\" method=\"post\" class=\"wpcf7-form init\" aria-label=\"Contact form\" novalidate=\"novalidate\" data-status=\"init\" data-trp-original-action=\"\/en\/wp-json\/wp\/v2\/pages\/7300#wpcf7-f576-o1\">\n<fieldset class=\"hidden-fields-container\"><input type=\"hidden\" name=\"_wpcf7\" value=\"576\" \/><input type=\"hidden\" name=\"_wpcf7_version\" value=\"6.1.4\" \/><input type=\"hidden\" name=\"_wpcf7_locale\" value=\"en_US\" \/><input type=\"hidden\" name=\"_wpcf7_unit_tag\" value=\"wpcf7-f576-o1\" \/><input type=\"hidden\" name=\"_wpcf7_container_post\" value=\"0\" \/><input type=\"hidden\" name=\"_wpcf7_posted_data_hash\" value=\"\" \/>\n<\/fieldset>\n<div class=\"cstheme_contactform_type11\">\n\t<div class=\"row\">\n\t\t<div class=\"col-md-12\">\n\t\t\t<p><span class=\"wpcf7-form-control-wrap\" data-name=\"your-name\"><input size=\"40\" maxlength=\"400\" class=\"wpcf7-form-control wpcf7-text wpcf7-validates-as-required\" aria-required=\"true\" aria-invalid=\"false\" placeholder=\"Name Surname\" value=\"\" type=\"text\" name=\"your-name\" \/><\/span>\n\t\t\t<\/p>\n\t\t<\/div>\n\t\t<div class=\"col-md-12\">\n\t\t\t<p><span class=\"wpcf7-form-control-wrap\" data-name=\"your-email\"><input size=\"40\" maxlength=\"400\" class=\"wpcf7-form-control wpcf7-email wpcf7-validates-as-required wpcf7-text wpcf7-validates-as-email\" aria-required=\"true\" aria-invalid=\"false\" placeholder=\"E-mail\" value=\"\" type=\"email\" name=\"your-email\" \/><\/span>\n\t\t\t<\/p>\n\t\t<\/div>\n\t\t<div class=\"col-md-12\">\n\t\t\t<p><span class=\"wpcf7-form-control-wrap\" data-name=\"your-tel\"><input size=\"40\" maxlength=\"400\" class=\"wpcf7-form-control wpcf7-tel wpcf7-validates-as-required wpcf7-text wpcf7-validates-as-tel\" aria-required=\"true\" aria-invalid=\"false\" placeholder=\"Telephone\" value=\"\" type=\"tel\" name=\"your-tel\" \/><\/span>\n\t\t\t<\/p>\n\t\t<\/div>\n\t\t<div class=\"col-md-12\">\n\t\t\t<p><span class=\"wpcf7-form-control-wrap\" data-name=\"your-subject\"><input size=\"40\" maxlength=\"400\" class=\"wpcf7-form-control wpcf7-text\" aria-invalid=\"false\" placeholder=\"Subject\" value=\"\" type=\"text\" name=\"your-subject\" \/><\/span>\n\t\t\t<\/p>\n\t\t<\/div>\n\t<\/div>\n\t<p><span class=\"wpcf7-form-control-wrap\" data-name=\"your-message\"><textarea cols=\"40\" rows=\"10\" maxlength=\"2000\" class=\"wpcf7-form-control wpcf7-textarea\" aria-invalid=\"false\" placeholder=\"Your message\" name=\"your-message\"><\/textarea><\/span><br \/>\n<span class=\"wpcf7-form-control-wrap\" data-name=\"hcap-cf7\">\t\t<input\n\t\t\t\ttype=\"hidden\"\n\t\t\t\tclass=\"hcaptcha-widget-id\"\n\t\t\t\tname=\"hcaptcha-widget-id\"\n\t\t\t\tvalue=\"eyJzb3VyY2UiOlsiY29udGFjdC1mb3JtLTdcL3dwLWNvbnRhY3QtZm9ybS03LnBocCJdLCJmb3JtX2lkIjo1NzZ9-6b776cd4185262d73d3f39c4f7131c61\">\n\t\t\t\t<span id=\"hcap_cf7-69df019a6fbcc2.24386350\" class=\"wpcf7-form-control h-captcha\"\n\t\t\tdata-sitekey=\"65dee146-be0a-4fae-941c-f106f3663d2a\"\n\t\t\tdata-theme=\"light\"\n\t\t\tdata-size=\"normal\"\n\t\t\tdata-auto=\"false\"\n\t\t\tdata-ajax=\"false\"\n\t\t\tdata-force=\"true\">\n\t\t<\/span>\n\t\t<input type=\"hidden\" id=\"_wpnonce\" name=\"_wpnonce\" value=\"6e8729530b\" \/><input type=\"hidden\" name=\"_wp_http_referer\" value=\"\/en\/wp-json\/wp\/v2\/pages\/7300\" \/><\/span><input class=\"wpcf7-form-control wpcf7-submit has-spinner\" type=\"submit\" value=\"Send\" \/>\n\t<\/p>\n<\/div><div class=\"wpcf7-response-output\" aria-hidden=\"true\"><\/div>\n<input type=\"hidden\" name=\"trp-form-language\" value=\"en\"\/><\/form>\n<\/div>\n<\/div><\/div><\/div><\/div><div class=\"vc_row wpb_row vc_row-fluid vc_custom_1709214254738\"><div class=\"wpb_column vc_column_container vc_col-sm-12 vc_col-has-fill\"><div class=\"vc_column-inner vc_custom_1626080497919\"><div class=\"wpb_wrapper\">\n\t<div class=\"wpb_raw_code wpb_content_element wpb_raw_html vc_custom_1774439545588 mapradieus\" >\n\t\t<div class=\"wpb_wrapper\">\n\t\t\t<iframe src=\"https:\/\/www.google.com\/maps\/embed?pb=!1m17!1m12!1m3!1d3118.789015093821!2d26.977764076333642!3d38.5847061650931!2m3!1f0!2f0!3f0!3m2!1i1024!2i768!4f13.1!3m2!1m1!2zMzjCsDM1JzA0LjkiTiAyNsKwNTgnNDkuMiJF!5e0!3m2!1str!2str!4v1774439490089!5m2!1str!2str\" width=\"100%\" height=\"450\" style=\"border:0;\" allowfullscreen=\"\" loading=\"lazy\" referrerpolicy=\"no-referrer-when-downgrade\"><\/iframe>\n\t\t<\/div>\n\t<\/div>\n<\/div><\/div><\/div><\/div><div class=\"vc_row wpb_row vc_row-fluid\"><div class=\"wpb_column vc_column_container vc_col-sm-12\"><div class=\"vc_column-inner\"><div class=\"wpb_wrapper\">\n\t<div class=\"wpb_raw_code wpb_content_element wpb_raw_html\" >\n\t\t<div class=\"wpb_wrapper\">\n\t\t\t<style>\n\nbody.page #pagetitle {\n    background-image: url(https:\/\/maksimumweb.com.tr\/wp-content\/uploads\/2021\/07\/iletisim-maks-web.jpg);\n    background-repeat: no-repeat;\n    background-attachment: scroll;\n    background-position: center center;\n    background-size: cover;\n    -moz-background-size: cover;\n    -webkit-background-size: cover;\n    -o-background-size: cover;\n    -ms-background-size: cover;\n    background-color: #111111;\n    color: #ffffff;\n}\n\n<\/style>\n\t\t<\/div>\n\t<\/div>\n<\/div><\/div><\/div><\/div>\n<\/section>","protected":false},"excerpt":{"rendered":"MAKS\u0130MUM AJANS \/ \u0130ZM\u0130R \u015eUBEB\u0130Z\u0130MLE \u0130LET\u0130\u015e\u0130ME GE\u00c7\u0130N D\u00fc\u015f\u00fcnceleriniz, kendimizi geli\u015ftirmemiz i\u00e7in \u00e7ok \u00f6nemli. \u0130stek, olumlu ve olumsuz t\u00fcm ele\u015ftirileriniz ve teklif olu\u015fturmak i\u00e7in bu formu kullanarak bizimle ileti\u015fime ge\u00e7ebilirsiniz. G\u00f6stermi\u015f oldu\u011funuz ilgi ve g\u00fcven i\u00e7in te\u015fekk\u00fcr ederiz. Maksimum Ajans Gazi Mustafa Kemal Pa\u015fa mah. Country Plus Sitesi, B Blok No 1, Seyrek, Menemen, \u0130zmir\u00a0 +90 [...]","protected":false},"author":1,"featured_media":0,"parent":0,"menu_order":0,"comment_status":"closed","ping_status":"closed","template":"","meta":{"footnotes":""},"class_list":["post-7300","page","type-page","status-publish","hentry"],"_links":{"self":[{"href":"https:\/\/maksimumajans.com\/en\/wp-json\/wp\/v2\/pages\/7300","targetHints":{"allow":["GET"]}}],"collection":[{"href":"https:\/\/maksimumajans.com\/en\/wp-json\/wp\/v2\/pages"}],"about":[{"href":"https:\/\/maksimumajans.com\/en\/wp-json\/wp\/v2\/types\/page"}],"author":[{"embeddable":true,"href":"https:\/\/maksimumajans.com\/en\/wp-json\/wp\/v2\/users\/1"}],"replies":[{"embeddable":true,"href":"https:\/\/maksimumajans.com\/en\/wp-json\/wp\/v2\/comments?post=7300"}],"version-history":[{"count":2,"href":"https:\/\/maksimumajans.com\/en\/wp-json\/wp\/v2\/pages\/7300\/revisions"}],"predecessor-version":[{"id":7302,"href":"https:\/\/maksimumajans.com\/en\/wp-json\/wp\/v2\/pages\/7300\/revisions\/7302"}],"wp:attachment":[{"href":"https:\/\/maksimumajans.com\/en\/wp-json\/wp\/v2\/media?parent=7300"}],"curies":[{"name":"wp","href":"https:\/\/api.w.org\/{rel}","templated":true}]}}