{"id":4661,"date":"2022-05-13T10:02:52","date_gmt":"2022-05-13T10:02:52","guid":{"rendered":"https:\/\/maksimumajans.com\/?page_id=4661"},"modified":"2022-05-13T11:19:33","modified_gmt":"2022-05-13T11:19:33","slug":"bilgi-guvenligi-politikasi","status":"publish","type":"page","link":"https:\/\/maksimumajans.com\/de\/informationssicherheitsrichtlinie\/","title":{"rendered":"Informationssicherheitsrichtlinie"},"content":{"rendered":"<p>Unser Unternehmen <strong>\u201e<\/strong>Es bietet Dienstleistungen im Bereich WEB-DESIGN, SOFTWARE, WERBUNG \u2013 SOCIAL MEDIA MANAGEMENT an. Unser Unternehmen verpflichtet sich zum Schutz der Vertraulichkeit, Integrit\u00e4t und aller physischen und elektronischen Informationswerte. Die Anforderungen an Informationen und Informationssicherheit stehen im Einklang mit unseren Unternehmenszielen. Das Management unseres Unternehmens wird gut ausgebildete, kompetente Mitarbeiter besch\u00e4ftigen, die offen f\u00fcr Ver\u00e4nderungen sind und Finanzmittel sowie angemessene Ausr\u00fcstung und Infrastruktur bereitstellen, um mit unseren Wettbewerbern in der Branche konkurrieren zu k\u00f6nnen. Daf\u00fcr werden Infrastruktur und Personal sowie die n\u00f6tige Finanzierung bereitgestellt. Gesch\u00e4ftskontinuit\u00e4ts- und Notfallpl\u00e4ne, Datensicherungsverfahren, die Vermeidung von Viren und Hackern, Zugangskontrollsysteme und die Meldung von Verst\u00f6\u00dfen gegen die Informationssicherheit bilden die Eckpfeiler unserer Kernaktivit\u00e4ten. Durch Risikobewertungen festgestellte Schwachstellen und Bedrohungen werden beseitigt und ein sicherer Zugriff auf die Informationen unserer Kunden und Mitarbeiter gew\u00e4hrleistet.<\/p>\n\n\n\n<p>Dar\u00fcber hinaus legen wir aufgrund von Risikobewertungen unsere Ziele fest und stellen die notwendigen Ressourcen und Bedingungen zur Verf\u00fcgung, um diese Ziele zu erreichen.<\/p>\n\n\n\n<p>Wir erwarten von ihnen, dass sie Managementsystembedingungen zu einer Arbeitsweise machen. Es wird sichergestellt, dass das gesamte Personal eine angemessene Schulung zum Informationssicherheits-Managementsystem bestimmter Dritter erh\u00e4lt.<\/p>\n\n\n\n<p>Die geltenden Bedingungen zur Informationssicherheit und die sich daraus ergebenden Chancen und Anforderungen werden erf\u00fcllt und die Chancen und Anforderungen, die sich aus diesen Bedingungen ergeben, werden erf\u00fcllt und diese Bedingungen werden st\u00e4ndig verbessert. Dar\u00fcber hinaus werden die Anforderungen unseres Unternehmens erf\u00fcllt und diese Bedingungen st\u00e4ndig verbessert. Dar\u00fcber hinaus wird die Anpassung unseres Unternehmens, unserer Mitarbeiter und aller relevanten Parteien an dieses System sichergestellt.<\/p>\n\n\n\n<p>Unsere Informationssicherheitsrichtlinie wird unter Beteiligung des Managements und der Bereichsleiter einmal j\u00e4hrlich oder bei wesentlichen \u00c4nderungen in unserem Unternehmen \u00fcberpr\u00fcft und aktualisiert, um deren Eignung, Richtigkeit und Wirksamkeit sicherzustellen.<\/p>\n\n\n\n<p>Dokument zur Informationssicherheitsrichtlinie<\/p>\n\n\n\n<div class=\"wp-block-file\"><a id=\"wp-block-file--media-984c2944-35fd-49ef-ab92-b5b8120aa5d8\" href=\"https:\/\/maksimumajans.com\/wp-content\/uploads\/2022\/05\/Bilgi-Guvenligi-Politikasi.docx\">Informationssicherheitsrichtlinie<\/a><a href=\"https:\/\/maksimumajans.com\/wp-content\/uploads\/2022\/05\/Bilgi-Guvenligi-Politikasi.docx\" class=\"wp-block-file__button\" download aria-describedby=\"wp-block-file--media-984c2944-35fd-49ef-ab92-b5b8120aa5d8\">Klicken Sie zum Herunterladen<\/a><\/div>","protected":false},"excerpt":{"rendered":"<p>Firmam\u0131z \u201cWEB TASARIM, YAZILIM, REKLAM- SOSYAL MEDYA Y\u00d6NET\u0130M\u0130 &nbsp;alan\u0131nda hizmet vermektedir. Firmam\u0131z gizlilik, b\u00fct\u00fcnl\u00fck ve t\u00fcm fiziksel ve elektronik bilgi varl\u0131klar\u0131n\u0131 korumaya Taahh\u00fct etmektedir. Bilgi ve bilgi g\u00fcvenli\u011fi gereksinimleri kurumsal hedeflerimiz ile ayn\u0131 do\u011frultuda olacakt\u0131r. Firmam\u0131z\u0131n y\u00f6netimi de\u011fi\u015fime a\u00e7\u0131k, iyi e\u011fitim alm\u0131\u015f, konusunda yetkin personel istihdam\u0131 sa\u011flayacak ve sekt\u00f6r i\u00e7erisinde rakiplerimizle rekabeti sa\u011flayacak finansman\u0131 sa\u011flamak, [&hellip;]<\/p>","protected":false},"author":1,"featured_media":0,"parent":0,"menu_order":0,"comment_status":"closed","ping_status":"closed","template":"","meta":{"footnotes":""},"class_list":["post-4661","page","type-page","status-publish","hentry"],"_links":{"self":[{"href":"https:\/\/maksimumajans.com\/de\/wp-json\/wp\/v2\/pages\/4661","targetHints":{"allow":["GET"]}}],"collection":[{"href":"https:\/\/maksimumajans.com\/de\/wp-json\/wp\/v2\/pages"}],"about":[{"href":"https:\/\/maksimumajans.com\/de\/wp-json\/wp\/v2\/types\/page"}],"author":[{"embeddable":true,"href":"https:\/\/maksimumajans.com\/de\/wp-json\/wp\/v2\/users\/1"}],"replies":[{"embeddable":true,"href":"https:\/\/maksimumajans.com\/de\/wp-json\/wp\/v2\/comments?post=4661"}],"version-history":[{"count":0,"href":"https:\/\/maksimumajans.com\/de\/wp-json\/wp\/v2\/pages\/4661\/revisions"}],"wp:attachment":[{"href":"https:\/\/maksimumajans.com\/de\/wp-json\/wp\/v2\/media?parent=4661"}],"curies":[{"name":"wp","href":"https:\/\/api.w.org\/{rel}","templated":true}]}}